{"id":1808,"date":"2024-09-02T21:00:25","date_gmt":"2024-09-02T19:00:25","guid":{"rendered":"https:\/\/phyto-hemp.com\/odrudy\/"},"modified":"2025-02-10T09:43:45","modified_gmt":"2025-02-10T08:43:45","slug":"odrudy-old","status":"publish","type":"page","link":"https:\/\/phyto-hemp.com\/cs\/odrudy-old\/","title":{"rendered":"Odr\u016fdy (star\u00e1)"},"content":{"rendered":"\t\t<div data-elementor-type=\"wp-page\" data-elementor-id=\"1808\" class=\"elementor elementor-1808 elementor-1042\">\n\t\t\t\t<div class=\"elementor-element elementor-element-6d42266 e-flex e-con-boxed e-con e-parent\" data-id=\"6d42266\" data-element_type=\"container\" data-e-type=\"container\">\n\t\t\t\t\t<div class=\"e-con-inner\">\n\t\t\t\t<div class=\"elementor-element elementor-element-6e529a3 elementor-widget elementor-widget-heading\" data-id=\"6e529a3\" data-element_type=\"widget\" data-e-type=\"widget\" data-widget_type=\"heading.default\">\n\t\t\t\t<div class=\"elementor-widget-container\">\n\t\t\t\t\t<h2 class=\"elementor-heading-title elementor-size-default\">Semena \/ sazenice \/ \u0159\u00edzky<\/h2>\t\t\t\t<\/div>\n\t\t\t\t<\/div>\n\t\t\t\t\t<\/div>\n\t\t\t\t<\/div>\n\t\t\t\t<div class=\"elementor-section elementor-top-section elementor-element elementor-element-c3f4f1b elementor-section-boxed elementor-section-height-default elementor-section-height-default\" data-id=\"c3f4f1b\" data-element_type=\"section\" data-e-type=\"section\" data-settings=\"{&quot;background_background&quot;:&quot;classic&quot;}\">\n\t\t\t\t\t\t<div class=\"elementor-container elementor-column-gap-default\">\n\t\t\t\t\t<div class=\"elementor-column elementor-col-50 elementor-top-column elementor-element elementor-element-b92f5da\" data-id=\"b92f5da\" data-element_type=\"column\" data-e-type=\"column\" data-settings=\"{&quot;background_background&quot;:&quot;classic&quot;}\">\n\t\t\t<div class=\"elementor-widget-wrap elementor-element-populated\">\n\t\t\t\t\t\t<div class=\"elementor-element elementor-element-e8e4426 elementor-widget elementor-widget-spacer\" data-id=\"e8e4426\" data-element_type=\"widget\" data-e-type=\"widget\" data-widget_type=\"spacer.default\">\n\t\t\t\t<div class=\"elementor-widget-container\">\n\t\t\t\t\t\t\t<div class=\"elementor-spacer\">\n\t\t\t<div class=\"elementor-spacer-inner\"><\/div>\n\t\t<\/div>\n\t\t\t\t\t\t<\/div>\n\t\t\t\t<\/div>\n\t\t\t\t\t<\/div>\n\t\t<\/div>\n\t\t\t\t<div class=\"elementor-column elementor-col-50 elementor-top-column elementor-element elementor-element-8d238f7\" data-id=\"8d238f7\" data-element_type=\"column\" data-e-type=\"column\">\n\t\t\t<div class=\"elementor-widget-wrap elementor-element-populated\">\n\t\t\t\t\t\t<div class=\"elementor-element elementor-element-cc8bd25 elementor-widget elementor-widget-heading\" data-id=\"cc8bd25\" data-element_type=\"widget\" data-e-type=\"widget\" data-widget_type=\"heading.default\">\n\t\t\t\t<div class=\"elementor-widget-container\">\n\t\t\t\t\t<h2 class=\"elementor-heading-title elementor-size-default\">P\u0159ehled odr\u016fd<\/h2>\t\t\t\t<\/div>\n\t\t\t\t<\/div>\n\t\t\t\t<div class=\"elementor-element elementor-element-d81e7fc elementor-widget elementor-widget-text-editor\" data-id=\"d81e7fc\" data-element_type=\"widget\" data-e-type=\"widget\" data-widget_type=\"text-editor.default\">\n\t\t\t\t<div class=\"elementor-widget-container\">\n\t\t\t\t\t\t\t\t\t<p>Zde na\u00a0<a href=\"https:\/\/www.cannaconnect.info\/sorten\" target=\"_blank\" rel=\"noopener\">cannaconnect.info<\/a> najdete p\u0159ehled na\u0161ich odr\u016fd.<\/p>\t\t\t\t\t\t\t\t<\/div>\n\t\t\t\t<\/div>\n\t\t\t\t\t<\/div>\n\t\t<\/div>\n\t\t\t\t\t<\/div>\n\t\t<\/div>\n\t\t\t\t<\/div>\n\t\t","protected":false},"excerpt":{"rendered":"<p>Semena \/ sazenice \/ \u0159\u00edzky P\u0159ehled odr\u016fd Zde na\u00a0cannaconnect.info najdete p\u0159ehled na\u0161ich odr\u016fd.<\/p>\n","protected":false},"author":2,"featured_media":0,"parent":0,"menu_order":0,"comment_status":"closed","ping_status":"closed","template":"","meta":{"footnotes":""},"class_list":["post-1808","page","type-page","status-publish","hentry"],"_links":{"self":[{"href":"https:\/\/phyto-hemp.com\/cs\/wp-json\/wp\/v2\/pages\/1808","targetHints":{"allow":["GET"]}}],"collection":[{"href":"https:\/\/phyto-hemp.com\/cs\/wp-json\/wp\/v2\/pages"}],"about":[{"href":"https:\/\/phyto-hemp.com\/cs\/wp-json\/wp\/v2\/types\/page"}],"author":[{"embeddable":true,"href":"https:\/\/phyto-hemp.com\/cs\/wp-json\/wp\/v2\/users\/2"}],"replies":[{"embeddable":true,"href":"https:\/\/phyto-hemp.com\/cs\/wp-json\/wp\/v2\/comments?post=1808"}],"version-history":[{"count":6,"href":"https:\/\/phyto-hemp.com\/cs\/wp-json\/wp\/v2\/pages\/1808\/revisions"}],"predecessor-version":[{"id":5426,"href":"https:\/\/phyto-hemp.com\/cs\/wp-json\/wp\/v2\/pages\/1808\/revisions\/5426"}],"wp:attachment":[{"href":"https:\/\/phyto-hemp.com\/cs\/wp-json\/wp\/v2\/media?parent=1808"}],"curies":[{"name":"wp","href":"https:\/\/api.w.org\/{rel}","templated":true}]}}