{"id":5309,"date":"2024-08-13T16:21:55","date_gmt":"2024-08-13T14:21:55","guid":{"rendered":"https:\/\/phyto-hemp.com\/404-2\/"},"modified":"2025-02-04T10:37:45","modified_gmt":"2025-02-04T09:37:45","slug":"404-2","status":"publish","type":"page","link":"https:\/\/phyto-hemp.com\/cs\/404-2\/","title":{"rendered":"404"},"content":{"rendered":"\t\t<div data-elementor-type=\"wp-page\" data-elementor-id=\"5309\" class=\"elementor elementor-5309 elementor-1001\">\n\t\t\t\t<div class=\"elementor-element elementor-element-5218736 e-flex e-con-boxed e-con e-parent\" data-id=\"5218736\" data-element_type=\"container\" data-e-type=\"container\">\n\t\t\t\t\t<div class=\"e-con-inner\">\n\t\t\t\t<div class=\"elementor-element elementor-element-8c5aca8 elementor-widget elementor-widget-heading\" data-id=\"8c5aca8\" data-element_type=\"widget\" data-e-type=\"widget\" data-widget_type=\"heading.default\">\n\t\t\t\t<div class=\"elementor-widget-container\">\n\t\t\t\t\t<h2 class=\"elementor-heading-title elementor-size-default\">po\u017eadovanou str\u00e1nku se bohu\u017eel nepoda\u0159ilo naj\u00edt<\/h2>\t\t\t\t<\/div>\n\t\t\t\t<\/div>\n\t\t\t\t\t<\/div>\n\t\t\t\t<\/div>\n\t\t\t\t<\/div>\n\t\t","protected":false},"excerpt":{"rendered":"<p>po\u017eadovanou str\u00e1nku se bohu\u017eel nepoda\u0159ilo naj\u00edt<\/p>\n","protected":false},"author":5,"featured_media":0,"parent":0,"menu_order":0,"comment_status":"closed","ping_status":"closed","template":"","meta":{"footnotes":""},"class_list":["post-5309","page","type-page","status-publish","hentry"],"_links":{"self":[{"href":"https:\/\/phyto-hemp.com\/cs\/wp-json\/wp\/v2\/pages\/5309","targetHints":{"allow":["GET"]}}],"collection":[{"href":"https:\/\/phyto-hemp.com\/cs\/wp-json\/wp\/v2\/pages"}],"about":[{"href":"https:\/\/phyto-hemp.com\/cs\/wp-json\/wp\/v2\/types\/page"}],"author":[{"embeddable":true,"href":"https:\/\/phyto-hemp.com\/cs\/wp-json\/wp\/v2\/users\/5"}],"replies":[{"embeddable":true,"href":"https:\/\/phyto-hemp.com\/cs\/wp-json\/wp\/v2\/comments?post=5309"}],"version-history":[{"count":1,"href":"https:\/\/phyto-hemp.com\/cs\/wp-json\/wp\/v2\/pages\/5309\/revisions"}],"predecessor-version":[{"id":5310,"href":"https:\/\/phyto-hemp.com\/cs\/wp-json\/wp\/v2\/pages\/5309\/revisions\/5310"}],"wp:attachment":[{"href":"https:\/\/phyto-hemp.com\/cs\/wp-json\/wp\/v2\/media?parent=5309"}],"curies":[{"name":"wp","href":"https:\/\/api.w.org\/{rel}","templated":true}]}}