{"id":5315,"date":"2025-01-27T11:20:05","date_gmt":"2025-01-27T10:20:05","guid":{"rendered":"https:\/\/phyto-hemp.com\/lecebne-konopi\/"},"modified":"2026-01-28T12:28:10","modified_gmt":"2026-01-28T11:28:10","slug":"lecebne-konopi","status":"publish","type":"page","link":"https:\/\/phyto-hemp.com\/cs\/lecebne-konopi\/","title":{"rendered":"L\u00e9\u010debn\u00e9 konop\u00ed"},"content":{"rendered":"\t\t<div data-elementor-type=\"wp-page\" data-elementor-id=\"5315\" class=\"elementor elementor-5315 elementor-4230\">\n\t\t\t\t<header class=\"elementor-element elementor-element-5898759 e-con-full e-flex e-con e-parent\" data-id=\"5898759\" data-element_type=\"container\" data-e-type=\"container\" data-settings=\"{&quot;background_background&quot;:&quot;slideshow&quot;,&quot;background_slideshow_gallery&quot;:[{&quot;id&quot;:6803,&quot;url&quot;:&quot;https:\\\/\\\/phyto-hemp.com\\\/wp-content\\\/uploads\\\/2025\\\/05\\\/Background_Cannabis_Bluete_lila.jpg&quot;}],&quot;background_slideshow_slide_duration&quot;:4000,&quot;background_slideshow_transition_duration&quot;:600,&quot;background_slideshow_loop&quot;:&quot;yes&quot;,&quot;background_slideshow_slide_transition&quot;:&quot;fade&quot;}\">\n\t\t\t\t<\/header>\n\t\t<div class=\"elementor-element elementor-element-98fcad3 e-flex e-con-boxed e-con e-parent\" data-id=\"98fcad3\" data-element_type=\"container\" data-e-type=\"container\">\n\t\t\t\t\t<div class=\"e-con-inner\">\n\t\t\t\t<div class=\"elementor-element elementor-element-bf6a2c0 elementor-widget elementor-widget-heading\" data-id=\"bf6a2c0\" data-element_type=\"widget\" data-e-type=\"widget\" data-widget_type=\"heading.default\">\n\t\t\t\t<div class=\"elementor-widget-container\">\n\t\t\t\t\t<h2 class=\"elementor-heading-title elementor-size-default\">L\u00e9\u010debn\u00e9 konop\u00ed<\/h2>\t\t\t\t<\/div>\n\t\t\t\t<\/div>\n\t\t\t\t<div class=\"elementor-element elementor-element-35b8173 elementor-widget elementor-widget-text-editor\" data-id=\"35b8173\" data-element_type=\"widget\" data-e-type=\"widget\" data-widget_type=\"text-editor.default\">\n\t\t\t\t<div class=\"elementor-widget-container\">\n\t\t\t\t\t\t\t\t\t<p class=\"font_8 wixui-rich-text__text\" style=\"text-align: center;\"><span class=\"wixui-rich-text__text\">Dod\u00e1v\u00e1me l\u00e9\u010debn\u00e9 <\/span>konop\u00ed t\u00e9 nejvy\u0161\u0161\u00ed kvality\u00a0<span class=\"wixui-rich-text__text\">do l\u00e9k\u00e1ren nebo farmaceutick\u00fdch distribu\u010dn\u00edch spole\u010dnost\u00ed<\/span>.<\/p>\n\t\t\t\t\t\t\t\t<\/div>\n\t\t\t\t<\/div>\n\t\t\t\t\t<\/div>\n\t\t\t\t<\/div>\n\t\t<div class=\"elementor-element elementor-element-1e19610 e-flex e-con-boxed e-con e-parent\" data-id=\"1e19610\" data-element_type=\"container\" data-e-type=\"container\">\n\t\t\t\t\t<div class=\"e-con-inner\">\n\t\t\t\t<div class=\"elementor-element elementor-element-9259f17 ui-e-apg-classic ui-e-img-anim-zoom elementor-widget elementor-widget-uicore-advanced-post-grid\" data-id=\"9259f17\" data-element_type=\"widget\" data-e-type=\"widget\" data-widget_type=\"uicore-advanced-post-grid.default\">\n\t\t\t\t<div class=\"elementor-widget-container\">\n\t\t\t\t\t        <div class=\"ui-e-adv-grid\">\n                <div class=\"ui-e-post-item\">\n            <article class=\"post-5325 post type-post status-publish format-standard has-post-thumbnail hentry category-lecebne-konopi\" >\n                <div class=\"ui-e-post-top\">\n                            <a class=\"ui-e-post-img-wrapp\" href=\"https:\/\/phyto-hemp.com\/cs\/lecebne-konopi\/cherry-cookies\/\" title=\"View Post:Cherry Cookies\">\n                        <div class=\"ui-e-post-img\" style=\"background-image:url(https:\/\/phyto-hemp.com\/wp-content\/uploads\/2025\/12\/Hybrid_Balanced-650x434.jpg)\" ><\/div>\n                    <\/a>\n                                            <\/div>\n                <div class=\"ui-e-post-content\">\n                                                <a href=\"https:\/\/phyto-hemp.com\/cs\/lecebne-konopi\/cherry-cookies\/\" title=\"View Post:Cherry Cookies\">\n            <h4 class=\"ui-e-post-title\"><span>Cherry Cookies<\/span><\/h4>\n        <\/a>\n                                              <div class=\"ui-e-post-text\">Cherry Cookies jsou vysoce kvalitn\u00ed l\u00e9\u010debn\u00e9 konopn\u00e9 kv\u011bty, kter\u00e9 jsou p\u011bstov\u00e1ny podle standard\u016f GACP a zpracov\u00e1v\u00e1ny a baleny za podm\u00ednek&hellip;<\/div>                                                <a href=\"https:\/\/phyto-hemp.com\/cs\/lecebne-konopi\/cherry-cookies\/\" class=\"elementor-button-link elementor-button\" role=\"button\">\n            <span class=\"elementor-button-content-wrapper\"><span class=\"elementor-button-text\">Detail<\/span><\/span>        <\/a>\n                        <\/div>\n            <\/article>\n        <\/div>\n                <div class=\"ui-e-post-item\">\n            <article class=\"post-5329 post type-post status-publish format-standard has-post-thumbnail hentry category-lecebne-konopi\" >\n                <div class=\"ui-e-post-top\">\n                            <a class=\"ui-e-post-img-wrapp\" href=\"https:\/\/phyto-hemp.com\/cs\/lecebne-konopi\/coco-nibbles\/\" title=\"View Post:L\u00e9\u010debn\u00e9 odr\u016fdy Haze\">\n                        <div class=\"ui-e-post-img\" style=\"background-image:url(https:\/\/phyto-hemp.com\/wp-content\/uploads\/2025\/12\/Haze_Energy-650x434.jpg)\" ><\/div>\n                    <\/a>\n                                            <\/div>\n                <div class=\"ui-e-post-content\">\n                                                <a href=\"https:\/\/phyto-hemp.com\/cs\/lecebne-konopi\/coco-nibbles\/\" title=\"View Post:L\u00e9\u010debn\u00e9 odr\u016fdy Haze\">\n            <h4 class=\"ui-e-post-title\"><span>L\u00e9\u010debn\u00e9 odr\u016fdy Haze<\/span><\/h4>\n        <\/a>\n                                              <div class=\"ui-e-post-text\">Podrobn\u00fd popis bude n\u00e1sledovat po zad\u00e1n\u00ed \u010d\u00edsla PZN. Kategorie l\u00e9\u010debn\u00e9 konop\u00ed Sativa\/Indica &#8230; THC &#8230; CBD &#8230; Genetika &#8230; Chu\u0165&hellip;<\/div>                                                <a href=\"https:\/\/phyto-hemp.com\/cs\/lecebne-konopi\/coco-nibbles\/\" class=\"elementor-button-link elementor-button elementor-button-link elementor-button\" role=\"button button\">\n            <span class=\"elementor-button-content-wrapper elementor-button-content-wrapper\"><span class=\"elementor-button-text elementor-button-text\">Detail<\/span><\/span>        <\/a>\n                        <\/div>\n            <\/article>\n        <\/div>\n                <div class=\"ui-e-post-item\">\n            <article class=\"post-5331 post type-post status-publish format-standard has-post-thumbnail hentry category-lecebne-konopi\" >\n                <div class=\"ui-e-post-top\">\n                            <a class=\"ui-e-post-img-wrapp\" href=\"https:\/\/phyto-hemp.com\/cs\/lecebne-konopi\/raspberry-parfait\/\" title=\"View Post:L\u00e9\u010debn\u00e9 odr\u016fdy Kush\">\n                        <div class=\"ui-e-post-img\" style=\"background-image:url(https:\/\/phyto-hemp.com\/wp-content\/uploads\/2025\/12\/Haze_Energy-650x434.jpg)\" ><\/div>\n                    <\/a>\n                                            <\/div>\n                <div class=\"ui-e-post-content\">\n                                                <a href=\"https:\/\/phyto-hemp.com\/cs\/lecebne-konopi\/raspberry-parfait\/\" title=\"View Post:L\u00e9\u010debn\u00e9 odr\u016fdy Kush\">\n            <h4 class=\"ui-e-post-title\"><span>L\u00e9\u010debn\u00e9 odr\u016fdy Kush<\/span><\/h4>\n        <\/a>\n                                              <div class=\"ui-e-post-text\">Podrobn\u00fd popis bude n\u00e1sledovat po zad\u00e1n\u00ed \u010d\u00edsla PZN. Kategorie l\u00e9\u010debn\u00e9 konop\u00ed Sativa\/Indica &#8230; THC &#8230; CBD &#8230; Genetika &#8230; Chu\u0165&hellip;<\/div>                                                <a href=\"https:\/\/phyto-hemp.com\/cs\/lecebne-konopi\/raspberry-parfait\/\" class=\"elementor-button-link elementor-button elementor-button-link elementor-button elementor-button-link elementor-button\" role=\"button button button\">\n            <span class=\"elementor-button-content-wrapper elementor-button-content-wrapper elementor-button-content-wrapper\"><span class=\"elementor-button-text elementor-button-text elementor-button-text\">Detail<\/span><\/span>        <\/a>\n                        <\/div>\n            <\/article>\n        <\/div>\n                <div class=\"ui-e-post-item\">\n            <article class=\"post-5333 post type-post status-publish format-standard has-post-thumbnail hentry category-lecebne-konopi\" >\n                <div class=\"ui-e-post-top\">\n                            <a class=\"ui-e-post-img-wrapp\" href=\"https:\/\/phyto-hemp.com\/cs\/lecebne-konopi\/chem-pupil\/\" title=\"View Post:L\u00e9\u010debn\u00e9 hybridn\u00ed odr\u016fdy\">\n                        <div class=\"ui-e-post-img\" style=\"background-image:url(https:\/\/phyto-hemp.com\/wp-content\/uploads\/2025\/12\/Kush_Relax-650x434.jpg)\" ><\/div>\n                    <\/a>\n                                            <\/div>\n                <div class=\"ui-e-post-content\">\n                                                <a href=\"https:\/\/phyto-hemp.com\/cs\/lecebne-konopi\/chem-pupil\/\" title=\"View Post:L\u00e9\u010debn\u00e9 hybridn\u00ed odr\u016fdy\">\n            <h4 class=\"ui-e-post-title\"><span>L\u00e9\u010debn\u00e9 hybridn\u00ed odr\u016fdy<\/span><\/h4>\n        <\/a>\n                                              <div class=\"ui-e-post-text\">Podrobn\u00fd popis bude n\u00e1sledovat po zad\u00e1n\u00ed \u010d\u00edsla PZN. Kategorie l\u00e9\u010debn\u00e9 konop\u00ed Sativa\/Indica &#8230; THC &#8230; CBD &#8230; Genetika &#8230; Chu\u0165&hellip;<\/div>                                                <a href=\"https:\/\/phyto-hemp.com\/cs\/lecebne-konopi\/chem-pupil\/\" class=\"elementor-button-link elementor-button elementor-button-link elementor-button elementor-button-link elementor-button elementor-button-link elementor-button\" role=\"button button button button\">\n            <span class=\"elementor-button-content-wrapper elementor-button-content-wrapper elementor-button-content-wrapper elementor-button-content-wrapper\"><span class=\"elementor-button-text elementor-button-text elementor-button-text elementor-button-text\">Detail<\/span><\/span>        <\/a>\n                        <\/div>\n            <\/article>\n        <\/div>\n                <div class=\"ui-e-post-item\">\n            <article class=\"post-5335 post type-post status-publish format-standard has-post-thumbnail hentry category-lecebne-konopi\" >\n                <div class=\"ui-e-post-top\">\n                            <a class=\"ui-e-post-img-wrapp\" href=\"https:\/\/phyto-hemp.com\/cs\/lecebne-konopi\/black-maple\/\" title=\"View Post:Black Maple\">\n                        <div class=\"ui-e-post-img\" style=\"background-image:url(https:\/\/phyto-hemp.com\/wp-content\/uploads\/2025\/12\/CBD-650x434.jpg)\" ><\/div>\n                    <\/a>\n                                            <\/div>\n                <div class=\"ui-e-post-content\">\n                                                <a href=\"https:\/\/phyto-hemp.com\/cs\/lecebne-konopi\/black-maple\/\" title=\"View Post:Black Maple\">\n            <h4 class=\"ui-e-post-title\"><span>Black Maple<\/span><\/h4>\n        <\/a>\n                                              <div class=\"ui-e-post-text\">Black Maple nab\u00edz\u00ed sladkou, uklid\u0148uj\u00edc\u00ed v\u016fni a hluboce relaxa\u010dn\u00ed \u00fa\u010dinky, kter\u00e9 jsou prosp\u011b\u0161n\u00e9 pro pacienty se sp\u00e1nkov\u00fdmi probl\u00e9my nebo vysok\u00fdm&hellip;<\/div>                                                <a href=\"https:\/\/phyto-hemp.com\/cs\/lecebne-konopi\/black-maple\/\" class=\"elementor-button-link elementor-button elementor-button-link elementor-button elementor-button-link elementor-button elementor-button-link elementor-button elementor-button-link elementor-button\" role=\"button button button button button\">\n            <span class=\"elementor-button-content-wrapper elementor-button-content-wrapper elementor-button-content-wrapper elementor-button-content-wrapper elementor-button-content-wrapper\"><span class=\"elementor-button-text elementor-button-text elementor-button-text elementor-button-text elementor-button-text\">Detail<\/span><\/span>        <\/a>\n                        <\/div>\n            <\/article>\n        <\/div>\n                <\/div>\n        \t\t\t\t<\/div>\n\t\t\t\t<\/div>\n\t\t\t\t\t<\/div>\n\t\t\t\t<\/div>\n\t\t\t\t<\/div>\n\t\t","protected":false},"excerpt":{"rendered":"<p>L\u00e9\u010debn\u00e9 konop\u00ed Dod\u00e1v\u00e1me l\u00e9\u010debn\u00e9 konop\u00ed t\u00e9 nejvy\u0161\u0161\u00ed kvality\u00a0do l\u00e9k\u00e1ren nebo farmaceutick\u00fdch distribu\u010dn\u00edch spole\u010dnost\u00ed. Cherry Cookies Cherry Cookies jsou vysoce kvalitn\u00ed [&hellip;]<\/p>\n","protected":false},"author":2,"featured_media":0,"parent":0,"menu_order":0,"comment_status":"closed","ping_status":"closed","template":"","meta":{"footnotes":""},"class_list":["post-5315","page","type-page","status-publish","hentry"],"_links":{"self":[{"href":"https:\/\/phyto-hemp.com\/cs\/wp-json\/wp\/v2\/pages\/5315","targetHints":{"allow":["GET"]}}],"collection":[{"href":"https:\/\/phyto-hemp.com\/cs\/wp-json\/wp\/v2\/pages"}],"about":[{"href":"https:\/\/phyto-hemp.com\/cs\/wp-json\/wp\/v2\/types\/page"}],"author":[{"embeddable":true,"href":"https:\/\/phyto-hemp.com\/cs\/wp-json\/wp\/v2\/users\/2"}],"replies":[{"embeddable":true,"href":"https:\/\/phyto-hemp.com\/cs\/wp-json\/wp\/v2\/comments?post=5315"}],"version-history":[{"count":10,"href":"https:\/\/phyto-hemp.com\/cs\/wp-json\/wp\/v2\/pages\/5315\/revisions"}],"predecessor-version":[{"id":7154,"href":"https:\/\/phyto-hemp.com\/cs\/wp-json\/wp\/v2\/pages\/5315\/revisions\/7154"}],"wp:attachment":[{"href":"https:\/\/phyto-hemp.com\/cs\/wp-json\/wp\/v2\/media?parent=5315"}],"curies":[{"name":"wp","href":"https:\/\/api.w.org\/{rel}","templated":true}]}}